{"id":5462,"date":"2022-02-08T11:06:52","date_gmt":"2022-02-08T11:06:52","guid":{"rendered":"https:\/\/tradim.nl\/product\/variateur-de-sol-a-led-1-100w-va-noir-631042\/"},"modified":"2022-02-08T11:06:52","modified_gmt":"2022-02-08T11:06:52","slug":"variateur-de-sol-a-led-1-100w-va-noir-631042","status":"publish","type":"product","link":"https:\/\/tradim.nl\/fr\/product\/variateur-de-sol-a-led-1-100w-va-noir-631042\/","title":{"rendered":"Variateur de sol \u00e0 Led 1-100W\/VA &#8211; noir &#8211; 631042"},"content":{"rendered":"<h3>631042 Variateur de sol LED<\/h3>\n<p>Le dernier variateur de sol de Tradim ! Afin d&#8217;assurer l&#8217;unit\u00e9 de notre gamme, nous avons mis \u00e0 jour la s\u00e9rie <a href=\"https:\/\/tradim.nl\/product\/led-filament-vloerdimmer-1-60w-va-zwart-631032-1\/\" target=\"_blank\" rel=\"noopener\">63103x<\/a> avec ce nouveau design. Ce variateur de sol est utilisable au moyen d&#8217;un curseur pour la fonction marche\/arr\u00eat et la fonction de variation. Le gradateur est dot\u00e9 d&#8217;une vis de r\u00e9glage permettant d&#8217;ajuster le niveau de gradation minimum, et un voyant lumineux indique si le gradateur est en marche.<\/p>\n<p>Ce variateur de sol 1-100W\/VA convient pour la gradation des sources lumineuses suivantes :<br \/>\n\u2022 Ampoules LED \u00e0 intensit\u00e9 variable (230V, max. 70W).<br \/>\n\u2022 Lampes LED basse tension combin\u00e9es \u00e0 des drivers LED graduables (max. 80W).<br \/>\n\u2022 Lampes \u00e0 incandescence et halog\u00e8nes (230V, max. 100W).<br \/>\n\u2022 Lampes halog\u00e8nes 12V en combinaison avec des transformateurs \u00e9lectroniques \u00e0 gradation (max. 80W).<\/p>\n<p>Le variateur est disponible en <a href=\"https:\/\/tradim.nl\/product\/led-vloerdimmer-1-100w-va-transparant\/\" target=\"_blank\" rel=\"noopener\">transparent<\/a>, <a href=\"https:\/\/tradim.nl\/product\/led-vloerdimmer-1-100w-va-wit\/\" target=\"_blank\" rel=\"noopener\">blanc <\/a> et <a href=\"https:\/\/tradim.nl\/product\/led-vloerdimmer-1-100w-va-zwart-631042\/\" target=\"_blank\" rel=\"noopener\">noir<\/a>.<\/p>\n<h3>Sp\u00e9cifications du produit<\/h3>\n<div>\n<div>Num\u00e9ro d&#8217;article: 631042<\/div>\n<div>SKU: 8718801938737<\/div>\n<div>EAN: 8718801938737<\/div>\n<div class=\"\">Tension d&#8217;entr\u00e9e: 220 \u2013 240 Volt AC<\/div>\n<div class=\"hidden\">Tension de sortie:<\/div>\n<div class=\"hidden\">Puissance: 1 \u2013 100 W\/VA<\/div>\n<div class=\"hidden\">Nombre d&#8217;entr\u00e9es : 1<\/div>\n<div class=\"hidden\">Nombre de sorties : 1<\/div>\n<div class=\"hidden\">Dimensions: 115 x 61 x 34 mm<\/div>\n<div class=\"hidden\">Garantie : 2 ans<\/div>\n<\/div>\n<p><img loading=\"lazy\" decoding=\"async\" class=\"lichtbron-icon mr-2 mt-5\" title=\"\" src=\"https:\/\/tradim.nl\/wp-content\/uploads\/2021\/08\/icon-led.svg\" width=\"40\" height=\"40\" data-toggle=\"tooltip\" data-placement=\"top\" data-original-title=\"\"> <img loading=\"lazy\" decoding=\"async\" class=\"lichtbron-icon mr-2 mt-5\" title=\"\" src=\"https:\/\/tradim.nl\/wp-content\/uploads\/2021\/08\/icon-filament.svg\" width=\"41\" height=\"41\" data-toggle=\"tooltip\" data-placement=\"top\" data-original-title=\"\"><\/p>\n<h3>Commander en priv\u00e9 ?<\/h3>\n<p><a href=\"https:\/\/www.et48.com\/nl\/631042-led-vloerdimmer-1-100-w-va.html\">Commandez le variateur de sol 631042 LED ici !<\/a><\/p>\n","protected":false},"excerpt":{"rendered":"<p>631042 Variateur de sol LED Le dernier variateur de sol de Tradim ! Afin d&#8217;assurer l&#8217;unit\u00e9 de notre gamme, nous avons mis \u00e0 jour la s\u00e9rie 63103x avec ce nouveau design. Ce variateur de sol est utilisable au moyen d&#8217;un curseur pour la fonction marche\/arr\u00eat et la fonction de variation. Le gradateur est dot\u00e9 d&#8217;une [&hellip;]<\/p>\n","protected":false},"featured_media":5463,"comment_status":"closed","ping_status":"closed","template":"","meta":{"_acf_changed":false,"content-type":"","om_disable_all_campaigns":false,"_monsterinsights_skip_tracking":false,"_monsterinsights_sitenote_active":false,"_monsterinsights_sitenote_note":"","_monsterinsights_sitenote_category":0,"_uf_show_specific_survey":0,"_uf_disable_surveys":false},"product_brand":[],"product_cat":[268],"product_tag":[],"class_list":{"0":"post-5462","1":"product","2":"type-product","3":"status-publish","4":"has-post-thumbnail","6":"product_cat-variateur-de-sol","8":"first","9":"instock","10":"shipping-taxable","11":"product-type-simple"},"acf":[],"yoast_head":"<!-- This site is optimized with the Yoast SEO plugin v27.4 - https:\/\/yoast.com\/product\/yoast-seo-wordpress\/ -->\n<title>Variateur de sol \u00e0 Led 1-100W\/VA - noir - 631042 - Tradim \u2013 Smart Home Solutions | Slimme Dimmers &amp; Verlichtingsoplossingen<\/title>\n<meta name=\"description\" content=\"Le dernier variateur de sol de Tradim. Disponible en noir, transparent et blanc. Avec un t\u00e9moin LED indiquant si le gradateur est en marche.\" \/>\n<meta name=\"robots\" content=\"index, follow, max-snippet:-1, max-image-preview:large, max-video-preview:-1\" \/>\n<link rel=\"canonical\" href=\"https:\/\/tradim.nl\/fr\/product\/variateur-de-sol-a-led-1-100w-va-noir-631042\/\" \/>\n<meta property=\"og:locale\" content=\"fr_FR\" \/>\n<meta property=\"og:type\" content=\"article\" \/>\n<meta property=\"og:title\" content=\"Variateur de sol \u00e0 Led 1-100W\/VA - noir - 631042 - Tradim \u2013 Smart Home Solutions | Slimme Dimmers &amp; Verlichtingsoplossingen\" \/>\n<meta property=\"og:description\" content=\"Le dernier variateur de sol de Tradim. Disponible en noir, transparent et blanc. Avec un t\u00e9moin LED indiquant si le gradateur est en marche.\" \/>\n<meta property=\"og:url\" content=\"https:\/\/tradim.nl\/fr\/product\/variateur-de-sol-a-led-1-100w-va-noir-631042\/\" \/>\n<meta property=\"og:site_name\" content=\"Tradim \u2013 Smart Home Solutions | Slimme Dimmers &amp; Verlichtingsoplossingen\" \/>\n<meta property=\"article:publisher\" content=\"https:\/\/www.facebook.com\/tradimnl\" \/>\n<meta property=\"og:image\" content=\"https:\/\/tradim.nl\/wp-content\/uploads\/2022\/02\/631042-1-scaled.jpg\" \/>\n\t<meta property=\"og:image:width\" content=\"1133\" \/>\n\t<meta property=\"og:image:height\" content=\"1980\" \/>\n\t<meta property=\"og:image:type\" content=\"image\/jpeg\" \/>\n<meta name=\"twitter:card\" content=\"summary_large_image\" \/>\n<meta name=\"twitter:label1\" content=\"Dur\u00e9e de lecture estim\u00e9e\" \/>\n\t<meta name=\"twitter:data1\" content=\"1 minute\" \/>\n<script type=\"application\/ld+json\" class=\"yoast-schema-graph\">{\"@context\":\"https:\\\/\\\/schema.org\",\"@graph\":[{\"@type\":\"WebPage\",\"@id\":\"https:\\\/\\\/tradim.nl\\\/fr\\\/product\\\/variateur-de-sol-a-led-1-100w-va-noir-631042\\\/\",\"url\":\"https:\\\/\\\/tradim.nl\\\/fr\\\/product\\\/variateur-de-sol-a-led-1-100w-va-noir-631042\\\/\",\"name\":\"Variateur de sol \u00e0 Led 1-100W\\\/VA - noir - 631042 - Tradim \u2013 Smart Home Solutions | Slimme Dimmers &amp; Verlichtingsoplossingen\",\"isPartOf\":{\"@id\":\"https:\\\/\\\/tradim.nl\\\/fr\\\/#website\"},\"primaryImageOfPage\":{\"@id\":\"https:\\\/\\\/tradim.nl\\\/fr\\\/product\\\/variateur-de-sol-a-led-1-100w-va-noir-631042\\\/#primaryimage\"},\"image\":{\"@id\":\"https:\\\/\\\/tradim.nl\\\/fr\\\/product\\\/variateur-de-sol-a-led-1-100w-va-noir-631042\\\/#primaryimage\"},\"thumbnailUrl\":\"https:\\\/\\\/tradim.nl\\\/wp-content\\\/uploads\\\/2022\\\/02\\\/631042-1-scaled.jpg\",\"datePublished\":\"2022-02-08T11:06:52+00:00\",\"description\":\"Le dernier variateur de sol de Tradim. Disponible en noir, transparent et blanc. Avec un t\u00e9moin LED indiquant si le gradateur est en marche.\",\"breadcrumb\":{\"@id\":\"https:\\\/\\\/tradim.nl\\\/fr\\\/product\\\/variateur-de-sol-a-led-1-100w-va-noir-631042\\\/#breadcrumb\"},\"inLanguage\":\"fr-FR\",\"potentialAction\":[{\"@type\":\"ReadAction\",\"target\":[\"https:\\\/\\\/tradim.nl\\\/fr\\\/product\\\/variateur-de-sol-a-led-1-100w-va-noir-631042\\\/\"]}]},{\"@type\":\"ImageObject\",\"inLanguage\":\"fr-FR\",\"@id\":\"https:\\\/\\\/tradim.nl\\\/fr\\\/product\\\/variateur-de-sol-a-led-1-100w-va-noir-631042\\\/#primaryimage\",\"url\":\"https:\\\/\\\/tradim.nl\\\/wp-content\\\/uploads\\\/2022\\\/02\\\/631042-1-scaled.jpg\",\"contentUrl\":\"https:\\\/\\\/tradim.nl\\\/wp-content\\\/uploads\\\/2022\\\/02\\\/631042-1-scaled.jpg\",\"width\":1133,\"height\":1980},{\"@type\":\"BreadcrumbList\",\"@id\":\"https:\\\/\\\/tradim.nl\\\/fr\\\/product\\\/variateur-de-sol-a-led-1-100w-va-noir-631042\\\/#breadcrumb\",\"itemListElement\":[{\"@type\":\"ListItem\",\"position\":1,\"name\":\"Home\",\"item\":\"https:\\\/\\\/tradim.nl\\\/fr\\\/\"},{\"@type\":\"ListItem\",\"position\":2,\"name\":\"Products\",\"item\":\"https:\\\/\\\/tradim.nl\\\/fr\\\/shop\\\/\"},{\"@type\":\"ListItem\",\"position\":3,\"name\":\"Variateur de sol \u00e0 Led 1-100W\\\/VA &#8211; noir &#8211; 631042\"}]},{\"@type\":\"WebSite\",\"@id\":\"https:\\\/\\\/tradim.nl\\\/fr\\\/#website\",\"url\":\"https:\\\/\\\/tradim.nl\\\/fr\\\/\",\"name\":\"Tradim\",\"description\":\"Smart Home Solutions\",\"publisher\":{\"@id\":\"https:\\\/\\\/tradim.nl\\\/fr\\\/#organization\"},\"potentialAction\":[{\"@type\":\"SearchAction\",\"target\":{\"@type\":\"EntryPoint\",\"urlTemplate\":\"https:\\\/\\\/tradim.nl\\\/fr\\\/?s={search_term_string}\"},\"query-input\":{\"@type\":\"PropertyValueSpecification\",\"valueRequired\":true,\"valueName\":\"search_term_string\"}}],\"inLanguage\":\"fr-FR\"},{\"@type\":\"Organization\",\"@id\":\"https:\\\/\\\/tradim.nl\\\/fr\\\/#organization\",\"name\":\"Tradim B.V.\",\"url\":\"https:\\\/\\\/tradim.nl\\\/fr\\\/\",\"logo\":{\"@type\":\"ImageObject\",\"inLanguage\":\"fr-FR\",\"@id\":\"https:\\\/\\\/tradim.nl\\\/fr\\\/#\\\/schema\\\/logo\\\/image\\\/\",\"url\":\"https:\\\/\\\/tradim.nl\\\/wp-content\\\/uploads\\\/2024\\\/08\\\/Logo-Tradim-staand-wit.svg\",\"contentUrl\":\"https:\\\/\\\/tradim.nl\\\/wp-content\\\/uploads\\\/2024\\\/08\\\/Logo-Tradim-staand-wit.svg\",\"width\":91.11,\"height\":114.04,\"caption\":\"Tradim B.V.\"},\"image\":{\"@id\":\"https:\\\/\\\/tradim.nl\\\/fr\\\/#\\\/schema\\\/logo\\\/image\\\/\"},\"sameAs\":[\"https:\\\/\\\/www.facebook.com\\\/tradimnl\",\"https:\\\/\\\/www.linkedin.com\\\/company\\\/tradim-nl\\\/\"]}]}<\/script>\n<!-- \/ Yoast SEO plugin. -->","yoast_head_json":{"title":"Variateur de sol \u00e0 Led 1-100W\/VA - noir - 631042 - Tradim \u2013 Smart Home Solutions | Slimme Dimmers &amp; Verlichtingsoplossingen","description":"Le dernier variateur de sol de Tradim. Disponible en noir, transparent et blanc. Avec un t\u00e9moin LED indiquant si le gradateur est en marche.","robots":{"index":"index","follow":"follow","max-snippet":"max-snippet:-1","max-image-preview":"max-image-preview:large","max-video-preview":"max-video-preview:-1"},"canonical":"https:\/\/tradim.nl\/fr\/product\/variateur-de-sol-a-led-1-100w-va-noir-631042\/","og_locale":"fr_FR","og_type":"article","og_title":"Variateur de sol \u00e0 Led 1-100W\/VA - noir - 631042 - Tradim \u2013 Smart Home Solutions | Slimme Dimmers &amp; Verlichtingsoplossingen","og_description":"Le dernier variateur de sol de Tradim. Disponible en noir, transparent et blanc. Avec un t\u00e9moin LED indiquant si le gradateur est en marche.","og_url":"https:\/\/tradim.nl\/fr\/product\/variateur-de-sol-a-led-1-100w-va-noir-631042\/","og_site_name":"Tradim \u2013 Smart Home Solutions | Slimme Dimmers &amp; Verlichtingsoplossingen","article_publisher":"https:\/\/www.facebook.com\/tradimnl","og_image":[{"width":1133,"height":1980,"url":"https:\/\/tradim.nl\/wp-content\/uploads\/2022\/02\/631042-1-scaled.jpg","type":"image\/jpeg"}],"twitter_card":"summary_large_image","twitter_misc":{"Dur\u00e9e de lecture estim\u00e9e":"1 minute"},"schema":{"@context":"https:\/\/schema.org","@graph":[{"@type":"WebPage","@id":"https:\/\/tradim.nl\/fr\/product\/variateur-de-sol-a-led-1-100w-va-noir-631042\/","url":"https:\/\/tradim.nl\/fr\/product\/variateur-de-sol-a-led-1-100w-va-noir-631042\/","name":"Variateur de sol \u00e0 Led 1-100W\/VA - noir - 631042 - Tradim \u2013 Smart Home Solutions | Slimme Dimmers &amp; Verlichtingsoplossingen","isPartOf":{"@id":"https:\/\/tradim.nl\/fr\/#website"},"primaryImageOfPage":{"@id":"https:\/\/tradim.nl\/fr\/product\/variateur-de-sol-a-led-1-100w-va-noir-631042\/#primaryimage"},"image":{"@id":"https:\/\/tradim.nl\/fr\/product\/variateur-de-sol-a-led-1-100w-va-noir-631042\/#primaryimage"},"thumbnailUrl":"https:\/\/tradim.nl\/wp-content\/uploads\/2022\/02\/631042-1-scaled.jpg","datePublished":"2022-02-08T11:06:52+00:00","description":"Le dernier variateur de sol de Tradim. Disponible en noir, transparent et blanc. Avec un t\u00e9moin LED indiquant si le gradateur est en marche.","breadcrumb":{"@id":"https:\/\/tradim.nl\/fr\/product\/variateur-de-sol-a-led-1-100w-va-noir-631042\/#breadcrumb"},"inLanguage":"fr-FR","potentialAction":[{"@type":"ReadAction","target":["https:\/\/tradim.nl\/fr\/product\/variateur-de-sol-a-led-1-100w-va-noir-631042\/"]}]},{"@type":"ImageObject","inLanguage":"fr-FR","@id":"https:\/\/tradim.nl\/fr\/product\/variateur-de-sol-a-led-1-100w-va-noir-631042\/#primaryimage","url":"https:\/\/tradim.nl\/wp-content\/uploads\/2022\/02\/631042-1-scaled.jpg","contentUrl":"https:\/\/tradim.nl\/wp-content\/uploads\/2022\/02\/631042-1-scaled.jpg","width":1133,"height":1980},{"@type":"BreadcrumbList","@id":"https:\/\/tradim.nl\/fr\/product\/variateur-de-sol-a-led-1-100w-va-noir-631042\/#breadcrumb","itemListElement":[{"@type":"ListItem","position":1,"name":"Home","item":"https:\/\/tradim.nl\/fr\/"},{"@type":"ListItem","position":2,"name":"Products","item":"https:\/\/tradim.nl\/fr\/shop\/"},{"@type":"ListItem","position":3,"name":"Variateur de sol \u00e0 Led 1-100W\/VA &#8211; noir &#8211; 631042"}]},{"@type":"WebSite","@id":"https:\/\/tradim.nl\/fr\/#website","url":"https:\/\/tradim.nl\/fr\/","name":"Tradim","description":"Smart Home Solutions","publisher":{"@id":"https:\/\/tradim.nl\/fr\/#organization"},"potentialAction":[{"@type":"SearchAction","target":{"@type":"EntryPoint","urlTemplate":"https:\/\/tradim.nl\/fr\/?s={search_term_string}"},"query-input":{"@type":"PropertyValueSpecification","valueRequired":true,"valueName":"search_term_string"}}],"inLanguage":"fr-FR"},{"@type":"Organization","@id":"https:\/\/tradim.nl\/fr\/#organization","name":"Tradim B.V.","url":"https:\/\/tradim.nl\/fr\/","logo":{"@type":"ImageObject","inLanguage":"fr-FR","@id":"https:\/\/tradim.nl\/fr\/#\/schema\/logo\/image\/","url":"https:\/\/tradim.nl\/wp-content\/uploads\/2024\/08\/Logo-Tradim-staand-wit.svg","contentUrl":"https:\/\/tradim.nl\/wp-content\/uploads\/2024\/08\/Logo-Tradim-staand-wit.svg","width":91.11,"height":114.04,"caption":"Tradim B.V."},"image":{"@id":"https:\/\/tradim.nl\/fr\/#\/schema\/logo\/image\/"},"sameAs":["https:\/\/www.facebook.com\/tradimnl","https:\/\/www.linkedin.com\/company\/tradim-nl\/"]}]}},"_links":{"self":[{"href":"https:\/\/tradim.nl\/fr\/wp-json\/wp\/v2\/product\/5462","targetHints":{"allow":["GET"]}}],"collection":[{"href":"https:\/\/tradim.nl\/fr\/wp-json\/wp\/v2\/product"}],"about":[{"href":"https:\/\/tradim.nl\/fr\/wp-json\/wp\/v2\/types\/product"}],"replies":[{"embeddable":true,"href":"https:\/\/tradim.nl\/fr\/wp-json\/wp\/v2\/comments?post=5462"}],"wp:featuredmedia":[{"embeddable":true,"href":"https:\/\/tradim.nl\/fr\/wp-json\/wp\/v2\/media\/5463"}],"wp:attachment":[{"href":"https:\/\/tradim.nl\/fr\/wp-json\/wp\/v2\/media?parent=5462"}],"wp:term":[{"taxonomy":"product_brand","embeddable":true,"href":"https:\/\/tradim.nl\/fr\/wp-json\/wp\/v2\/product_brand?post=5462"},{"taxonomy":"product_cat","embeddable":true,"href":"https:\/\/tradim.nl\/fr\/wp-json\/wp\/v2\/product_cat?post=5462"},{"taxonomy":"product_tag","embeddable":true,"href":"https:\/\/tradim.nl\/fr\/wp-json\/wp\/v2\/product_tag?post=5462"}],"curies":[{"name":"wp","href":"https:\/\/api.w.org\/{rel}","templated":true}]}}