{"id":5355,"date":"2021-07-19T08:44:12","date_gmt":"2021-07-19T08:44:12","guid":{"rendered":"https:\/\/tradim.nl\/product\/driver-led-dimmable-triac-24w-24w-12v-cv-ld24cv12\/"},"modified":"2021-07-19T08:44:12","modified_gmt":"2021-07-19T08:44:12","slug":"driver-led-dimmable-triac-24w-24w-12v-cv-ld24cv12","status":"publish","type":"product","link":"https:\/\/tradim.nl\/fr\/product\/driver-led-dimmable-triac-24w-24w-12v-cv-ld24cv12\/","title":{"rendered":"Driver LED dimmable triac 24W 24W, 12V CV &#8211; LD24CV12"},"content":{"rendered":"<p>Ce driver LED \u00e0 tension constante Tradim convient au contr\u00f4le des lampes LED 12 V et est disponible en diff\u00e9rentes puissances, \u00e0 savoir <a href=\"https:\/\/tradim.nl\/product\/24w-triac-dimmable-led-driver-24w-12v-cv-ld24cv12\/\" target=\"_blank\" rel=\"noopener\">24<\/a>, <a href=\"https:\/\/tradim.nl\/product\/48w-triac-dimmable-led-driver-48w-12v-cv-ld48cv12\/\" target=\"_blank\" rel=\"noopener\">48<\/a> et <a href=\"https:\/\/tradim.nl\/product\/60w-triac-dimmable-led-driver-60w-12v-cv-ld60cv12\/\" target=\"_blank\" rel=\"noopener\">60<\/a> W\/VA. La taille du pilote d\u00e9pend de la puissance. Ce type de pilote est dimmable par triac avec des gradateurs R,C.<\/p>\n<p>Ce type de driver LED peut \u00eatre utilis\u00e9, entre autres, pour remplacer l&#8217;halog\u00e8ne 12 V par des LED o\u00f9 un transformateur (\u00e9lectronique) est remplac\u00e9 par un driver LED.<\/p>\n<p>Tous les mod\u00e8les ont \u00e9t\u00e9 test\u00e9s de mani\u00e8re approfondie et r\u00e9pondent aux exigences de s\u00e9curit\u00e9 et de CEM (CE) applicables.<\/p>\n<p><a href=\"https:\/\/tradim.nl\/product\/24w-triac-dimmable-led-driver-24w-12v-cv-ld24cv12\/\" target=\"_blank\" rel=\"noopener\">24W\/VA<\/a> &#8211; dimensions : 100x38x25mm. Tension: 12V.<br \/>\n<a href=\"https:\/\/tradim.nl\/product\/48w-triac-dimmable-led-driver-48w-12v-cv-ld48cv12\/\" target=\"_blank\" rel=\"noopener\">48W\/VA-<\/a> taille de: 140x47x30mm. Tension: 12V.<br \/>\n<a href=\"https:\/\/tradim.nl\/product\/60w-triac-dimmable-led-driver-60w-12v-cv-ld60cv12\/\" target=\"_blank\" rel=\"noopener\">60W\/VA-<\/a> taille de: 170x50x30mm. Tension: 12V.<\/p>\n<p>&nbsp;<\/p>\n<h3>Sp\u00e9cifications du produit<\/h3>\n<div>\n<div>Num\u00e9ro de l&#8217;article : LD24CV12<\/div>\n<div>SKU: 8718801936757<\/div>\n<div>EAN: 8718801936757<\/div>\n<\/div>\n<div><\/div>\n<h3>Commander en priv\u00e9 ?<\/h3>\n<p><a href=\"https:\/\/www.et48.com\/nl\/ld24cv12-led-driver.html\">Commandez ici le driver LED dimmable 24 W !<\/a><\/p>\n","protected":false},"excerpt":{"rendered":"<p>Ce driver LED \u00e0 tension constante Tradim convient au contr\u00f4le des lampes LED 12 V et est disponible en diff\u00e9rentes puissances, \u00e0 savoir 24, 48 et 60 W\/VA. La taille du pilote d\u00e9pend de la puissance. Ce type de pilote est dimmable par triac avec des gradateurs R,C. Ce type de driver LED peut \u00eatre [&hellip;]<\/p>\n","protected":false},"featured_media":6655,"comment_status":"closed","ping_status":"closed","template":"","meta":{"_acf_changed":false,"content-type":"","om_disable_all_campaigns":false,"_monsterinsights_skip_tracking":false,"_monsterinsights_sitenote_active":false,"_monsterinsights_sitenote_note":"","_monsterinsights_sitenote_category":0,"_uf_show_specific_survey":0,"_uf_disable_surveys":false},"product_brand":[],"product_cat":[271],"product_tag":[],"class_list":{"0":"post-5355","1":"product","2":"type-product","3":"status-publish","4":"has-post-thumbnail","6":"product_cat-pilotes-de-led","8":"first","9":"instock","10":"shipping-taxable","11":"product-type-simple"},"acf":[],"yoast_head":"<!-- This site is optimized with the Yoast SEO plugin v27.4 - https:\/\/yoast.com\/product\/yoast-seo-wordpress\/ -->\n<title>Driver LED dimmable triac 24W 24W, 12V CV - LD24CV12 - Tradim \u2013 Smart Home Solutions | Slimme Dimmers &amp; Verlichtingsoplossingen<\/title>\n<meta name=\"description\" content=\"Ce driver LED \u00e0 tension constante Tradim convient au contr\u00f4le des lampes LED 12 V et est disponible en diff\u00e9rentes puissances !\" \/>\n<meta name=\"robots\" content=\"index, follow, max-snippet:-1, max-image-preview:large, max-video-preview:-1\" \/>\n<link rel=\"canonical\" href=\"https:\/\/tradim.nl\/fr\/product\/driver-led-dimmable-triac-24w-24w-12v-cv-ld24cv12\/\" \/>\n<meta property=\"og:locale\" content=\"fr_FR\" \/>\n<meta property=\"og:type\" content=\"article\" \/>\n<meta property=\"og:title\" content=\"Driver LED dimmable triac 24W 24W, 12V CV - LD24CV12 - Tradim \u2013 Smart Home Solutions | Slimme Dimmers &amp; Verlichtingsoplossingen\" \/>\n<meta property=\"og:description\" content=\"Ce driver LED \u00e0 tension constante Tradim convient au contr\u00f4le des lampes LED 12 V et est disponible en diff\u00e9rentes puissances !\" \/>\n<meta property=\"og:url\" content=\"https:\/\/tradim.nl\/fr\/product\/driver-led-dimmable-triac-24w-24w-12v-cv-ld24cv12\/\" \/>\n<meta property=\"og:site_name\" content=\"Tradim \u2013 Smart Home Solutions | Slimme Dimmers &amp; Verlichtingsoplossingen\" \/>\n<meta property=\"article:publisher\" content=\"https:\/\/www.facebook.com\/tradimnl\" \/>\n<meta property=\"og:image\" content=\"https:\/\/tradim.nl\/wp-content\/uploads\/2021\/07\/LD24CV12-1.png\" \/>\n\t<meta property=\"og:image:width\" content=\"559\" \/>\n\t<meta property=\"og:image:height\" content=\"559\" \/>\n\t<meta property=\"og:image:type\" content=\"image\/png\" \/>\n<meta name=\"twitter:card\" content=\"summary_large_image\" \/>\n<meta name=\"twitter:label1\" content=\"Dur\u00e9e de lecture estim\u00e9e\" \/>\n\t<meta name=\"twitter:data1\" content=\"1 minute\" \/>\n<script type=\"application\/ld+json\" class=\"yoast-schema-graph\">{\"@context\":\"https:\\\/\\\/schema.org\",\"@graph\":[{\"@type\":\"WebPage\",\"@id\":\"https:\\\/\\\/tradim.nl\\\/fr\\\/product\\\/driver-led-dimmable-triac-24w-24w-12v-cv-ld24cv12\\\/\",\"url\":\"https:\\\/\\\/tradim.nl\\\/fr\\\/product\\\/driver-led-dimmable-triac-24w-24w-12v-cv-ld24cv12\\\/\",\"name\":\"Driver LED dimmable triac 24W 24W, 12V CV - LD24CV12 - Tradim \u2013 Smart Home Solutions | Slimme Dimmers &amp; Verlichtingsoplossingen\",\"isPartOf\":{\"@id\":\"https:\\\/\\\/tradim.nl\\\/fr\\\/#website\"},\"primaryImageOfPage\":{\"@id\":\"https:\\\/\\\/tradim.nl\\\/fr\\\/product\\\/driver-led-dimmable-triac-24w-24w-12v-cv-ld24cv12\\\/#primaryimage\"},\"image\":{\"@id\":\"https:\\\/\\\/tradim.nl\\\/fr\\\/product\\\/driver-led-dimmable-triac-24w-24w-12v-cv-ld24cv12\\\/#primaryimage\"},\"thumbnailUrl\":\"https:\\\/\\\/tradim.nl\\\/wp-content\\\/uploads\\\/2021\\\/07\\\/Tradim-LD24CV12-scaled.jpg\",\"datePublished\":\"2021-07-19T08:44:12+00:00\",\"description\":\"Ce driver LED \u00e0 tension constante Tradim convient au contr\u00f4le des lampes LED 12 V et est disponible en diff\u00e9rentes puissances !\",\"breadcrumb\":{\"@id\":\"https:\\\/\\\/tradim.nl\\\/fr\\\/product\\\/driver-led-dimmable-triac-24w-24w-12v-cv-ld24cv12\\\/#breadcrumb\"},\"inLanguage\":\"fr-FR\",\"potentialAction\":[{\"@type\":\"ReadAction\",\"target\":[\"https:\\\/\\\/tradim.nl\\\/fr\\\/product\\\/driver-led-dimmable-triac-24w-24w-12v-cv-ld24cv12\\\/\"]}]},{\"@type\":\"ImageObject\",\"inLanguage\":\"fr-FR\",\"@id\":\"https:\\\/\\\/tradim.nl\\\/fr\\\/product\\\/driver-led-dimmable-triac-24w-24w-12v-cv-ld24cv12\\\/#primaryimage\",\"url\":\"https:\\\/\\\/tradim.nl\\\/wp-content\\\/uploads\\\/2021\\\/07\\\/Tradim-LD24CV12-scaled.jpg\",\"contentUrl\":\"https:\\\/\\\/tradim.nl\\\/wp-content\\\/uploads\\\/2021\\\/07\\\/Tradim-LD24CV12-scaled.jpg\",\"width\":2560,\"height\":1708,\"caption\":\"Tradim LD24CV12 led driver\"},{\"@type\":\"BreadcrumbList\",\"@id\":\"https:\\\/\\\/tradim.nl\\\/fr\\\/product\\\/driver-led-dimmable-triac-24w-24w-12v-cv-ld24cv12\\\/#breadcrumb\",\"itemListElement\":[{\"@type\":\"ListItem\",\"position\":1,\"name\":\"Home\",\"item\":\"https:\\\/\\\/tradim.nl\\\/fr\\\/\"},{\"@type\":\"ListItem\",\"position\":2,\"name\":\"Products\",\"item\":\"https:\\\/\\\/tradim.nl\\\/fr\\\/shop\\\/\"},{\"@type\":\"ListItem\",\"position\":3,\"name\":\"Driver LED dimmable triac 24W 24W, 12V CV &#8211; LD24CV12\"}]},{\"@type\":\"WebSite\",\"@id\":\"https:\\\/\\\/tradim.nl\\\/fr\\\/#website\",\"url\":\"https:\\\/\\\/tradim.nl\\\/fr\\\/\",\"name\":\"Tradim\",\"description\":\"Smart Home Solutions\",\"publisher\":{\"@id\":\"https:\\\/\\\/tradim.nl\\\/fr\\\/#organization\"},\"potentialAction\":[{\"@type\":\"SearchAction\",\"target\":{\"@type\":\"EntryPoint\",\"urlTemplate\":\"https:\\\/\\\/tradim.nl\\\/fr\\\/?s={search_term_string}\"},\"query-input\":{\"@type\":\"PropertyValueSpecification\",\"valueRequired\":true,\"valueName\":\"search_term_string\"}}],\"inLanguage\":\"fr-FR\"},{\"@type\":\"Organization\",\"@id\":\"https:\\\/\\\/tradim.nl\\\/fr\\\/#organization\",\"name\":\"Tradim B.V.\",\"url\":\"https:\\\/\\\/tradim.nl\\\/fr\\\/\",\"logo\":{\"@type\":\"ImageObject\",\"inLanguage\":\"fr-FR\",\"@id\":\"https:\\\/\\\/tradim.nl\\\/fr\\\/#\\\/schema\\\/logo\\\/image\\\/\",\"url\":\"https:\\\/\\\/tradim.nl\\\/wp-content\\\/uploads\\\/2024\\\/08\\\/Logo-Tradim-staand-wit.svg\",\"contentUrl\":\"https:\\\/\\\/tradim.nl\\\/wp-content\\\/uploads\\\/2024\\\/08\\\/Logo-Tradim-staand-wit.svg\",\"width\":91.11,\"height\":114.04,\"caption\":\"Tradim B.V.\"},\"image\":{\"@id\":\"https:\\\/\\\/tradim.nl\\\/fr\\\/#\\\/schema\\\/logo\\\/image\\\/\"},\"sameAs\":[\"https:\\\/\\\/www.facebook.com\\\/tradimnl\",\"https:\\\/\\\/www.linkedin.com\\\/company\\\/tradim-nl\\\/\"]}]}<\/script>\n<!-- \/ Yoast SEO plugin. -->","yoast_head_json":{"title":"Driver LED dimmable triac 24W 24W, 12V CV - LD24CV12 - Tradim \u2013 Smart Home Solutions | Slimme Dimmers &amp; Verlichtingsoplossingen","description":"Ce driver LED \u00e0 tension constante Tradim convient au contr\u00f4le des lampes LED 12 V et est disponible en diff\u00e9rentes puissances !","robots":{"index":"index","follow":"follow","max-snippet":"max-snippet:-1","max-image-preview":"max-image-preview:large","max-video-preview":"max-video-preview:-1"},"canonical":"https:\/\/tradim.nl\/fr\/product\/driver-led-dimmable-triac-24w-24w-12v-cv-ld24cv12\/","og_locale":"fr_FR","og_type":"article","og_title":"Driver LED dimmable triac 24W 24W, 12V CV - LD24CV12 - Tradim \u2013 Smart Home Solutions | Slimme Dimmers &amp; Verlichtingsoplossingen","og_description":"Ce driver LED \u00e0 tension constante Tradim convient au contr\u00f4le des lampes LED 12 V et est disponible en diff\u00e9rentes puissances !","og_url":"https:\/\/tradim.nl\/fr\/product\/driver-led-dimmable-triac-24w-24w-12v-cv-ld24cv12\/","og_site_name":"Tradim \u2013 Smart Home Solutions | Slimme Dimmers &amp; Verlichtingsoplossingen","article_publisher":"https:\/\/www.facebook.com\/tradimnl","og_image":[{"width":559,"height":559,"url":"https:\/\/tradim.nl\/wp-content\/uploads\/2021\/07\/LD24CV12-1.png","type":"image\/png"}],"twitter_card":"summary_large_image","twitter_misc":{"Dur\u00e9e de lecture estim\u00e9e":"1 minute"},"schema":{"@context":"https:\/\/schema.org","@graph":[{"@type":"WebPage","@id":"https:\/\/tradim.nl\/fr\/product\/driver-led-dimmable-triac-24w-24w-12v-cv-ld24cv12\/","url":"https:\/\/tradim.nl\/fr\/product\/driver-led-dimmable-triac-24w-24w-12v-cv-ld24cv12\/","name":"Driver LED dimmable triac 24W 24W, 12V CV - LD24CV12 - Tradim \u2013 Smart Home Solutions | Slimme Dimmers &amp; Verlichtingsoplossingen","isPartOf":{"@id":"https:\/\/tradim.nl\/fr\/#website"},"primaryImageOfPage":{"@id":"https:\/\/tradim.nl\/fr\/product\/driver-led-dimmable-triac-24w-24w-12v-cv-ld24cv12\/#primaryimage"},"image":{"@id":"https:\/\/tradim.nl\/fr\/product\/driver-led-dimmable-triac-24w-24w-12v-cv-ld24cv12\/#primaryimage"},"thumbnailUrl":"https:\/\/tradim.nl\/wp-content\/uploads\/2021\/07\/Tradim-LD24CV12-scaled.jpg","datePublished":"2021-07-19T08:44:12+00:00","description":"Ce driver LED \u00e0 tension constante Tradim convient au contr\u00f4le des lampes LED 12 V et est disponible en diff\u00e9rentes puissances !","breadcrumb":{"@id":"https:\/\/tradim.nl\/fr\/product\/driver-led-dimmable-triac-24w-24w-12v-cv-ld24cv12\/#breadcrumb"},"inLanguage":"fr-FR","potentialAction":[{"@type":"ReadAction","target":["https:\/\/tradim.nl\/fr\/product\/driver-led-dimmable-triac-24w-24w-12v-cv-ld24cv12\/"]}]},{"@type":"ImageObject","inLanguage":"fr-FR","@id":"https:\/\/tradim.nl\/fr\/product\/driver-led-dimmable-triac-24w-24w-12v-cv-ld24cv12\/#primaryimage","url":"https:\/\/tradim.nl\/wp-content\/uploads\/2021\/07\/Tradim-LD24CV12-scaled.jpg","contentUrl":"https:\/\/tradim.nl\/wp-content\/uploads\/2021\/07\/Tradim-LD24CV12-scaled.jpg","width":2560,"height":1708,"caption":"Tradim LD24CV12 led driver"},{"@type":"BreadcrumbList","@id":"https:\/\/tradim.nl\/fr\/product\/driver-led-dimmable-triac-24w-24w-12v-cv-ld24cv12\/#breadcrumb","itemListElement":[{"@type":"ListItem","position":1,"name":"Home","item":"https:\/\/tradim.nl\/fr\/"},{"@type":"ListItem","position":2,"name":"Products","item":"https:\/\/tradim.nl\/fr\/shop\/"},{"@type":"ListItem","position":3,"name":"Driver LED dimmable triac 24W 24W, 12V CV &#8211; LD24CV12"}]},{"@type":"WebSite","@id":"https:\/\/tradim.nl\/fr\/#website","url":"https:\/\/tradim.nl\/fr\/","name":"Tradim","description":"Smart Home Solutions","publisher":{"@id":"https:\/\/tradim.nl\/fr\/#organization"},"potentialAction":[{"@type":"SearchAction","target":{"@type":"EntryPoint","urlTemplate":"https:\/\/tradim.nl\/fr\/?s={search_term_string}"},"query-input":{"@type":"PropertyValueSpecification","valueRequired":true,"valueName":"search_term_string"}}],"inLanguage":"fr-FR"},{"@type":"Organization","@id":"https:\/\/tradim.nl\/fr\/#organization","name":"Tradim B.V.","url":"https:\/\/tradim.nl\/fr\/","logo":{"@type":"ImageObject","inLanguage":"fr-FR","@id":"https:\/\/tradim.nl\/fr\/#\/schema\/logo\/image\/","url":"https:\/\/tradim.nl\/wp-content\/uploads\/2024\/08\/Logo-Tradim-staand-wit.svg","contentUrl":"https:\/\/tradim.nl\/wp-content\/uploads\/2024\/08\/Logo-Tradim-staand-wit.svg","width":91.11,"height":114.04,"caption":"Tradim B.V."},"image":{"@id":"https:\/\/tradim.nl\/fr\/#\/schema\/logo\/image\/"},"sameAs":["https:\/\/www.facebook.com\/tradimnl","https:\/\/www.linkedin.com\/company\/tradim-nl\/"]}]}},"_links":{"self":[{"href":"https:\/\/tradim.nl\/fr\/wp-json\/wp\/v2\/product\/5355","targetHints":{"allow":["GET"]}}],"collection":[{"href":"https:\/\/tradim.nl\/fr\/wp-json\/wp\/v2\/product"}],"about":[{"href":"https:\/\/tradim.nl\/fr\/wp-json\/wp\/v2\/types\/product"}],"replies":[{"embeddable":true,"href":"https:\/\/tradim.nl\/fr\/wp-json\/wp\/v2\/comments?post=5355"}],"wp:featuredmedia":[{"embeddable":true,"href":"https:\/\/tradim.nl\/fr\/wp-json\/wp\/v2\/media\/6655"}],"wp:attachment":[{"href":"https:\/\/tradim.nl\/fr\/wp-json\/wp\/v2\/media?parent=5355"}],"wp:term":[{"taxonomy":"product_brand","embeddable":true,"href":"https:\/\/tradim.nl\/fr\/wp-json\/wp\/v2\/product_brand?post=5355"},{"taxonomy":"product_cat","embeddable":true,"href":"https:\/\/tradim.nl\/fr\/wp-json\/wp\/v2\/product_cat?post=5355"},{"taxonomy":"product_tag","embeddable":true,"href":"https:\/\/tradim.nl\/fr\/wp-json\/wp\/v2\/product_tag?post=5355"}],"curies":[{"name":"wp","href":"https:\/\/api.w.org\/{rel}","templated":true}]}}