{"id":6866,"date":"2026-02-24T10:57:27","date_gmt":"2026-02-24T10:57:27","guid":{"rendered":"https:\/\/tradim.nl\/product\/tradim-triple-charge-elite-65w-usb-c-3-poorts-snellader\/"},"modified":"2026-02-24T13:26:48","modified_gmt":"2026-02-24T13:26:48","slug":"tradim-triple-charge-elite-65w-usb-c-3-anschluesse-schnellladegeraet-weiss","status":"publish","type":"product","link":"https:\/\/tradim.nl\/de\/produkt\/tradim-triple-charge-elite-65w-usb-c-3-anschluesse-schnellladegeraet-weiss\/","title":{"rendered":"Triple Charge Elite 65W USB-C &#8211; Wei\u00df"},"content":{"rendered":"<h2 data-start=\"258\" data-end=\"307\">Leistungsstarkes, smartes und stilvolles Laden<\/h2>\n<p data-start=\"309\" data-end=\"778\">Der <strong data-start=\"313\" data-end=\"353\">Tradim Triple Charge Elite 65W USB-C<\/strong> in stilvollem Wei\u00df ist das ideale All-in-One-Ladeger\u00e4t f\u00fcr zu Hause, im B\u00fcro und unterwegs. Mit <strong data-start=\"431\" data-end=\"502\">2\u00d7 USB-C-Anschl\u00fcssen, 1\u00d7 USB-A-Anschluss und einer freien Steckdose<\/strong> k\u00f6nnen Sie ganz einfach <strong data-start=\"527\" data-end=\"562\">bis zu vier Ger\u00e4te gleichzeitig<\/strong> laden. Dank <strong data-start=\"575\" data-end=\"597\">65W Power Delivery<\/strong> ist dieses Ladeger\u00e4t nicht nur perfekt f\u00fcr Smartphones und Tablets, sondern auch leistungsstark genug, um Laptops und andere anspruchsvolle Ger\u00e4te schnell und effizient aufzuladen.<\/p>\n<p data-start=\"780\" data-end=\"1052\">Ein besonderes Merkmal des Triple Charge Elite ist die <strong data-start=\"835\" data-end=\"860\">integrierte Steckdose<\/strong>. Dadurch bleibt Ihre Wandsteckdose f\u00fcr ein weiteres Ger\u00e4t verf\u00fcgbar, Sie verlieren also keine Steckdose durch das Ladeger\u00e4t. Ideal f\u00fcr Arbeitspl\u00e4tze und R\u00e4ume, in denen jede Steckdose z\u00e4hlt.<\/p>\n<p data-start=\"1054\" data-end=\"1352\">Die <strong data-start=\"1058\" data-end=\"1090\">intelligente Stromverteilung<\/strong> erkennt automatisch die angeschlossenen Ger\u00e4te und verteilt die verf\u00fcgbare Leistung optimal auf die Anschl\u00fcsse. Bei gleichzeitiger Nutzung mehrerer Ports wird die Leistung automatisch angepasst, sodass jedes Ger\u00e4t sicher und so schnell wie m\u00f6glich geladen wird.<\/p>\n<p data-start=\"1354\" data-end=\"1569\">Das <strong data-start=\"1358\" data-end=\"1377\">kompakte Design<\/strong> und die <strong data-start=\"1386\" data-end=\"1419\">schlichte, moderne Oberfl\u00e4che<\/strong> in Schwarz oder Wei\u00df machen dieses Ladeger\u00e4t nicht nur leistungsstark, sondern auch zu einer stilvollen und praktischen Erg\u00e4nzung f\u00fcr jede Steckdose.<\/p>\n<hr data-start=\"1571\" data-end=\"1574\" \/>\n<h2 data-start=\"1576\" data-end=\"1633\">Warum den Tradim Triple Charge Elite 65W USB-C w\u00e4hlen?<\/h2>\n<ul>\n<li data-start=\"1637\" data-end=\"1697\">L\u00e4dt bis zu <strong data-start=\"1649\" data-end=\"1674\">3 Ger\u00e4te gleichzeitig<\/strong> (2\u00d7 USB-C, 1\u00d7 USB-A)<\/li>\n<li data-start=\"1700\" data-end=\"1760\"><strong data-start=\"1700\" data-end=\"1722\">65W Power Delivery<\/strong> f\u00fcr schnelles und effizientes Laden<\/li>\n<li data-start=\"1763\" data-end=\"1818\"><strong data-start=\"1763\" data-end=\"1788\">Steckdose bleibt frei<\/strong> dank integrierter Steckdose<\/li>\n<li data-start=\"1821\" data-end=\"1873\">Intelligente und sichere Stromverteilung pro Ger\u00e4t<\/li>\n<li data-start=\"1876\" data-end=\"1928\">Schutz vor \u00dcberhitzung, \u00dcberladung und Kurzschluss<\/li>\n<li data-start=\"1931\" data-end=\"1962\">Kompaktes und modernes Design<\/li>\n<li data-start=\"1965\" data-end=\"2021\">Geeignet f\u00fcr Smartphones, Tablets, Laptops und Zubeh\u00f6r<\/li>\n<\/ul>\n<hr data-start=\"2023\" data-end=\"2026\" \/>\n<h2 data-start=\"2028\" data-end=\"2047\">Technische Daten<\/h2>\n<h3 data-start=\"2049\" data-end=\"2062\">Allgemein<\/h3>\n<ul>\n<li data-start=\"2065\" data-end=\"2120\"><strong data-start=\"2065\" data-end=\"2081\">Produktname:<\/strong> Tradim Triple Charge Elite 65W USB-C<\/li>\n<li data-start=\"2123\" data-end=\"2174\"><strong data-start=\"2123\" data-end=\"2131\">SKU:<\/strong> 8001USB2C1A (Wei\u00df)<\/li>\n<\/ul>\n<h3 data-start=\"2176\" data-end=\"2190\">Anschl\u00fcsse<\/h3>\n<ul>\n<li data-start=\"2193\" data-end=\"2203\">2\u00d7 USB-C<\/li>\n<li data-start=\"2206\" data-end=\"2216\">1\u00d7 USB-A<\/li>\n<\/ul>\n<h3 data-start=\"2218\" data-end=\"2238\">Leistung &amp; Laden<\/h3>\n<ul>\n<li data-start=\"2241\" data-end=\"2275\"><strong data-start=\"2241\" data-end=\"2269\">Maximale Gesamtleistung:<\/strong> 65W<\/li>\n<li data-start=\"2278\" data-end=\"2331\"><strong data-start=\"2278\" data-end=\"2305\">Schnellladetechnologie:<\/strong> USB-C Power Delivery (PD)<\/li>\n<\/ul>\n<p data-start=\"2333\" data-end=\"2356\"><strong data-start=\"2333\" data-end=\"2354\">USB-C-Anschl\u00fcsse:<\/strong><\/p>\n<ul>\n<li data-start=\"2359\" data-end=\"2387\">USB-C1: bis zu <strong data-start=\"2374\" data-end=\"2385\">65W max<\/strong><\/li>\n<li data-start=\"2390\" data-end=\"2416\">USB-C2: bis zu <strong data-start=\"2405\" data-end=\"2416\">20W max<\/strong><\/li>\n<\/ul>\n<p data-start=\"2418\" data-end=\"2440\"><strong data-start=\"2418\" data-end=\"2438\">USB-A-Anschluss:<\/strong><\/p>\n<ul>\n<li data-start=\"2443\" data-end=\"2468\">USB-A: bis zu <strong data-start=\"2457\" data-end=\"2468\">18W max<\/strong><\/li>\n<\/ul>\n<p>Intelligente Leistungsverteilung bei gleichzeitiger Nutzung mehrerer Anschl\u00fcsse<br data-start=\"2551\" data-end=\"2554\" \/><em data-start=\"2556\" data-end=\"2670\">(Bei Nutzung mehrerer Ports wird die Leistung automatisch verteilt und an die angeschlossenen Ger\u00e4te angepasst.)<\/em><\/p>\n<h3 data-start=\"2672\" data-end=\"2686\">Elektrisch<\/h3>\n<ul>\n<li data-start=\"2689\" data-end=\"2725\"><strong data-start=\"2689\" data-end=\"2701\">Eingang:<\/strong> AC 100\u2013240V ~ 50\/60Hz<\/li>\n<li data-start=\"2728\" data-end=\"2807\"><strong data-start=\"2728\" data-end=\"2740\">Ausgang:<\/strong> Abh\u00e4ngig von den angeschlossenen Ger\u00e4ten und der kombinierten Last<\/li>\n<\/ul>\n<h3 data-start=\"2809\" data-end=\"2832\">Design &amp; Ausf\u00fchrung<\/h3>\n<ul>\n<li data-start=\"2835\" data-end=\"2865\"><strong data-start=\"2835\" data-end=\"2846\">Farben:<\/strong> Wei\u00df und Schwarz<\/li>\n<li data-start=\"2868\" data-end=\"2905\"><strong data-start=\"2868\" data-end=\"2883\">Oberfl\u00e4che:<\/strong> Schlicht und modern<\/li>\n<li data-start=\"2908\" data-end=\"2956\"><strong data-start=\"2908\" data-end=\"2923\">Formfaktor:<\/strong> Kompaktes, platzsparendes Design<\/li>\n<\/ul>\n<h3 data-start=\"2958\" data-end=\"2972\">Sicherheit<\/h3>\n<ul>\n<li data-start=\"2975\" data-end=\"2999\">Schutz vor \u00dcberhitzung<\/li>\n<li data-start=\"3002\" data-end=\"3025\">Schutz vor \u00dcberladung<\/li>\n<li data-start=\"3028\" data-end=\"3047\">Kurzschlussschutz<\/li>\n<\/ul>\n<h3 data-start=\"3049\" data-end=\"3067\">Kompatibilit\u00e4t<\/h3>\n<ul>\n<li data-start=\"3070\" data-end=\"3147\">Geeignet f\u00fcr Smartphones, Tablets, Laptops und andere USB-betriebene Ger\u00e4te<\/li>\n<li data-start=\"3150\" data-end=\"3202\">Unterst\u00fctzt USB-C Power Delivery-kompatible Ger\u00e4te<\/li>\n<\/ul>\n<p data-start=\"3204\" data-end=\"3252\">Auch erh\u00e4ltlich in Schwarz: <strong data-start=\"3232\" data-end=\"3252\">SKU: 8002USB2C1A<\/strong><\/p>\n","protected":false},"excerpt":{"rendered":"<p>Leistungsstarkes, smartes und stilvolles Laden Der Tradim Triple Charge Elite 65W USB-C in stilvollem Wei\u00df ist das ideale All-in-One-Ladeger\u00e4t f\u00fcr zu Hause, im B\u00fcro und unterwegs. Mit 2\u00d7 USB-C-Anschl\u00fcssen, 1\u00d7 USB-A-Anschluss und einer freien Steckdose k\u00f6nnen Sie ganz einfach bis zu vier Ger\u00e4te gleichzeitig laden. Dank 65W Power Delivery ist dieses Ladeger\u00e4t nicht nur perfekt [&hellip;]<\/p>\n","protected":false},"featured_media":6862,"comment_status":"closed","ping_status":"closed","template":"","meta":{"_acf_changed":false,"content-type":"","om_disable_all_campaigns":false,"_monsterinsights_skip_tracking":false,"_monsterinsights_sitenote_active":false,"_monsterinsights_sitenote_note":"","_monsterinsights_sitenote_category":0,"_uf_show_specific_survey":0,"_uf_disable_surveys":false},"product_brand":[277],"product_cat":[333],"product_tag":[327,328,329,330],"class_list":{"0":"post-6866","1":"product","2":"type-product","3":"status-publish","4":"has-post-thumbnail","6":"product_brand-tradim","7":"product_cat-usb-ladegeraet","8":"product_tag-65w","9":"product_tag-usb-lader","10":"product_tag-usb-c","11":"product_tag-usb-charger","13":"first","14":"instock","15":"shipping-taxable","16":"product-type-simple"},"acf":[],"yoast_head":"<!-- This site is optimized with the Yoast SEO plugin v27.4 - https:\/\/yoast.com\/product\/yoast-seo-wordpress\/ -->\n<title>Tradim Triple Charge Elite 65W USB-C Ladeger\u00e4t | 3-Port mit Steckdose<\/title>\n<meta name=\"description\" content=\"Laad tot 4 apparaten tegelijk met de Tradim Triple Charge Elite 65W USB-C. Met 2\u00d7 USB-C, 1\u00d7 USB-A en vrij stopcontact. Razend snel, veilig en compact.Laden Sie bis zu 3 Ger\u00e4te gleichzeitig mit dem Tradim Triple Charge Elite 65W USB-C Ladeger\u00e4t. Mit 2\u00d7 USB-C, 1\u00d7 USB-A und integrierter Steckdose f\u00fcr schnelles, sicheres Laden.\" \/>\n<meta name=\"robots\" content=\"index, follow, max-snippet:-1, max-image-preview:large, max-video-preview:-1\" \/>\n<link rel=\"canonical\" href=\"https:\/\/tradim.nl\/de\/produkt\/tradim-triple-charge-elite-65w-usb-c-3-anschluesse-schnellladegeraet-weiss\/\" \/>\n<meta property=\"og:locale\" content=\"de_DE\" \/>\n<meta property=\"og:type\" content=\"article\" \/>\n<meta property=\"og:title\" content=\"Tradim Triple Charge Elite 65W USB-C Ladeger\u00e4t | 3-Port mit Steckdose\" \/>\n<meta property=\"og:description\" content=\"Laad tot 4 apparaten tegelijk met de Tradim Triple Charge Elite 65W USB-C. Met 2\u00d7 USB-C, 1\u00d7 USB-A en vrij stopcontact. Razend snel, veilig en compact.Laden Sie bis zu 3 Ger\u00e4te gleichzeitig mit dem Tradim Triple Charge Elite 65W USB-C Ladeger\u00e4t. Mit 2\u00d7 USB-C, 1\u00d7 USB-A und integrierter Steckdose f\u00fcr schnelles, sicheres Laden.\" \/>\n<meta property=\"og:url\" content=\"https:\/\/tradim.nl\/de\/produkt\/tradim-triple-charge-elite-65w-usb-c-3-anschluesse-schnellladegeraet-weiss\/\" \/>\n<meta property=\"og:site_name\" content=\"Tradim \u2013 Smart Home Solutions | Slimme Dimmers &amp; Verlichtingsoplossingen\" \/>\n<meta property=\"article:publisher\" content=\"https:\/\/www.facebook.com\/tradimnl\" \/>\n<meta property=\"article:modified_time\" content=\"2026-02-24T13:26:48+00:00\" \/>\n<meta property=\"og:image\" content=\"https:\/\/tradim.nl\/wp-content\/uploads\/2026\/02\/8001USB2C1A-002-scaled.png\" \/>\n\t<meta property=\"og:image:width\" content=\"2560\" \/>\n\t<meta property=\"og:image:height\" content=\"2560\" \/>\n\t<meta property=\"og:image:type\" content=\"image\/png\" \/>\n<meta name=\"twitter:card\" content=\"summary_large_image\" \/>\n<meta name=\"twitter:label1\" content=\"Gesch\u00e4tzte Lesezeit\" \/>\n\t<meta name=\"twitter:data1\" content=\"2\u00a0Minuten\" \/>\n<script type=\"application\/ld+json\" class=\"yoast-schema-graph\">{\"@context\":\"https:\\\/\\\/schema.org\",\"@graph\":[{\"@type\":\"WebPage\",\"@id\":\"https:\\\/\\\/tradim.nl\\\/de\\\/produkt\\\/tradim-triple-charge-elite-65w-usb-c-3-anschluesse-schnellladegeraet-weiss\\\/\",\"url\":\"https:\\\/\\\/tradim.nl\\\/de\\\/produkt\\\/tradim-triple-charge-elite-65w-usb-c-3-anschluesse-schnellladegeraet-weiss\\\/\",\"name\":\"Tradim Triple Charge Elite 65W USB-C Ladeger\u00e4t | 3-Port mit Steckdose\",\"isPartOf\":{\"@id\":\"https:\\\/\\\/tradim.nl\\\/de\\\/#website\"},\"primaryImageOfPage\":{\"@id\":\"https:\\\/\\\/tradim.nl\\\/de\\\/produkt\\\/tradim-triple-charge-elite-65w-usb-c-3-anschluesse-schnellladegeraet-weiss\\\/#primaryimage\"},\"image\":{\"@id\":\"https:\\\/\\\/tradim.nl\\\/de\\\/produkt\\\/tradim-triple-charge-elite-65w-usb-c-3-anschluesse-schnellladegeraet-weiss\\\/#primaryimage\"},\"thumbnailUrl\":\"https:\\\/\\\/tradim.nl\\\/wp-content\\\/uploads\\\/2026\\\/02\\\/8001USB2C1A-002-scaled.png\",\"datePublished\":\"2026-02-24T10:57:27+00:00\",\"dateModified\":\"2026-02-24T13:26:48+00:00\",\"description\":\"Laad tot 4 apparaten tegelijk met de Tradim Triple Charge Elite 65W USB-C. Met 2\u00d7 USB-C, 1\u00d7 USB-A en vrij stopcontact. Razend snel, veilig en compact.Laden Sie bis zu 3 Ger\u00e4te gleichzeitig mit dem Tradim Triple Charge Elite 65W USB-C Ladeger\u00e4t. Mit 2\u00d7 USB-C, 1\u00d7 USB-A und integrierter Steckdose f\u00fcr schnelles, sicheres Laden.\",\"breadcrumb\":{\"@id\":\"https:\\\/\\\/tradim.nl\\\/de\\\/produkt\\\/tradim-triple-charge-elite-65w-usb-c-3-anschluesse-schnellladegeraet-weiss\\\/#breadcrumb\"},\"inLanguage\":\"de\",\"potentialAction\":[{\"@type\":\"ReadAction\",\"target\":[\"https:\\\/\\\/tradim.nl\\\/de\\\/produkt\\\/tradim-triple-charge-elite-65w-usb-c-3-anschluesse-schnellladegeraet-weiss\\\/\"]}]},{\"@type\":\"ImageObject\",\"inLanguage\":\"de\",\"@id\":\"https:\\\/\\\/tradim.nl\\\/de\\\/produkt\\\/tradim-triple-charge-elite-65w-usb-c-3-anschluesse-schnellladegeraet-weiss\\\/#primaryimage\",\"url\":\"https:\\\/\\\/tradim.nl\\\/wp-content\\\/uploads\\\/2026\\\/02\\\/8001USB2C1A-002-scaled.png\",\"contentUrl\":\"https:\\\/\\\/tradim.nl\\\/wp-content\\\/uploads\\\/2026\\\/02\\\/8001USB2C1A-002-scaled.png\",\"width\":2560,\"height\":2560,\"caption\":\"Tradim Triple Charge Elite 65W USB-C - white\"},{\"@type\":\"BreadcrumbList\",\"@id\":\"https:\\\/\\\/tradim.nl\\\/de\\\/produkt\\\/tradim-triple-charge-elite-65w-usb-c-3-anschluesse-schnellladegeraet-weiss\\\/#breadcrumb\",\"itemListElement\":[{\"@type\":\"ListItem\",\"position\":1,\"name\":\"Home\",\"item\":\"https:\\\/\\\/tradim.nl\\\/de\\\/\"},{\"@type\":\"ListItem\",\"position\":2,\"name\":\"Produkte\",\"item\":\"https:\\\/\\\/tradim.nl\\\/de\\\/shop\\\/\"},{\"@type\":\"ListItem\",\"position\":3,\"name\":\"Triple Charge Elite 65W USB-C &#8211; Wei\u00df\"}]},{\"@type\":\"WebSite\",\"@id\":\"https:\\\/\\\/tradim.nl\\\/de\\\/#website\",\"url\":\"https:\\\/\\\/tradim.nl\\\/de\\\/\",\"name\":\"Tradim\",\"description\":\"Smart Home Solutions\",\"publisher\":{\"@id\":\"https:\\\/\\\/tradim.nl\\\/de\\\/#organization\"},\"potentialAction\":[{\"@type\":\"SearchAction\",\"target\":{\"@type\":\"EntryPoint\",\"urlTemplate\":\"https:\\\/\\\/tradim.nl\\\/de\\\/?s={search_term_string}\"},\"query-input\":{\"@type\":\"PropertyValueSpecification\",\"valueRequired\":true,\"valueName\":\"search_term_string\"}}],\"inLanguage\":\"de\"},{\"@type\":\"Organization\",\"@id\":\"https:\\\/\\\/tradim.nl\\\/de\\\/#organization\",\"name\":\"Tradim B.V.\",\"url\":\"https:\\\/\\\/tradim.nl\\\/de\\\/\",\"logo\":{\"@type\":\"ImageObject\",\"inLanguage\":\"de\",\"@id\":\"https:\\\/\\\/tradim.nl\\\/de\\\/#\\\/schema\\\/logo\\\/image\\\/\",\"url\":\"https:\\\/\\\/tradim.nl\\\/wp-content\\\/uploads\\\/2024\\\/08\\\/Logo-Tradim-staand-wit.svg\",\"contentUrl\":\"https:\\\/\\\/tradim.nl\\\/wp-content\\\/uploads\\\/2024\\\/08\\\/Logo-Tradim-staand-wit.svg\",\"width\":91.11,\"height\":114.04,\"caption\":\"Tradim B.V.\"},\"image\":{\"@id\":\"https:\\\/\\\/tradim.nl\\\/de\\\/#\\\/schema\\\/logo\\\/image\\\/\"},\"sameAs\":[\"https:\\\/\\\/www.facebook.com\\\/tradimnl\",\"https:\\\/\\\/www.linkedin.com\\\/company\\\/tradim-nl\\\/\"]}]}<\/script>\n<!-- \/ Yoast SEO plugin. -->","yoast_head_json":{"title":"Tradim Triple Charge Elite 65W USB-C Ladeger\u00e4t | 3-Port mit Steckdose","description":"Laad tot 4 apparaten tegelijk met de Tradim Triple Charge Elite 65W USB-C. Met 2\u00d7 USB-C, 1\u00d7 USB-A en vrij stopcontact. Razend snel, veilig en compact.Laden Sie bis zu 3 Ger\u00e4te gleichzeitig mit dem Tradim Triple Charge Elite 65W USB-C Ladeger\u00e4t. Mit 2\u00d7 USB-C, 1\u00d7 USB-A und integrierter Steckdose f\u00fcr schnelles, sicheres Laden.","robots":{"index":"index","follow":"follow","max-snippet":"max-snippet:-1","max-image-preview":"max-image-preview:large","max-video-preview":"max-video-preview:-1"},"canonical":"https:\/\/tradim.nl\/de\/produkt\/tradim-triple-charge-elite-65w-usb-c-3-anschluesse-schnellladegeraet-weiss\/","og_locale":"de_DE","og_type":"article","og_title":"Tradim Triple Charge Elite 65W USB-C Ladeger\u00e4t | 3-Port mit Steckdose","og_description":"Laad tot 4 apparaten tegelijk met de Tradim Triple Charge Elite 65W USB-C. Met 2\u00d7 USB-C, 1\u00d7 USB-A en vrij stopcontact. Razend snel, veilig en compact.Laden Sie bis zu 3 Ger\u00e4te gleichzeitig mit dem Tradim Triple Charge Elite 65W USB-C Ladeger\u00e4t. Mit 2\u00d7 USB-C, 1\u00d7 USB-A und integrierter Steckdose f\u00fcr schnelles, sicheres Laden.","og_url":"https:\/\/tradim.nl\/de\/produkt\/tradim-triple-charge-elite-65w-usb-c-3-anschluesse-schnellladegeraet-weiss\/","og_site_name":"Tradim \u2013 Smart Home Solutions | Slimme Dimmers &amp; Verlichtingsoplossingen","article_publisher":"https:\/\/www.facebook.com\/tradimnl","article_modified_time":"2026-02-24T13:26:48+00:00","og_image":[{"width":2560,"height":2560,"url":"https:\/\/tradim.nl\/wp-content\/uploads\/2026\/02\/8001USB2C1A-002-scaled.png","type":"image\/png"}],"twitter_card":"summary_large_image","twitter_misc":{"Gesch\u00e4tzte Lesezeit":"2\u00a0Minuten"},"schema":{"@context":"https:\/\/schema.org","@graph":[{"@type":"WebPage","@id":"https:\/\/tradim.nl\/de\/produkt\/tradim-triple-charge-elite-65w-usb-c-3-anschluesse-schnellladegeraet-weiss\/","url":"https:\/\/tradim.nl\/de\/produkt\/tradim-triple-charge-elite-65w-usb-c-3-anschluesse-schnellladegeraet-weiss\/","name":"Tradim Triple Charge Elite 65W USB-C Ladeger\u00e4t | 3-Port mit Steckdose","isPartOf":{"@id":"https:\/\/tradim.nl\/de\/#website"},"primaryImageOfPage":{"@id":"https:\/\/tradim.nl\/de\/produkt\/tradim-triple-charge-elite-65w-usb-c-3-anschluesse-schnellladegeraet-weiss\/#primaryimage"},"image":{"@id":"https:\/\/tradim.nl\/de\/produkt\/tradim-triple-charge-elite-65w-usb-c-3-anschluesse-schnellladegeraet-weiss\/#primaryimage"},"thumbnailUrl":"https:\/\/tradim.nl\/wp-content\/uploads\/2026\/02\/8001USB2C1A-002-scaled.png","datePublished":"2026-02-24T10:57:27+00:00","dateModified":"2026-02-24T13:26:48+00:00","description":"Laad tot 4 apparaten tegelijk met de Tradim Triple Charge Elite 65W USB-C. Met 2\u00d7 USB-C, 1\u00d7 USB-A en vrij stopcontact. Razend snel, veilig en compact.Laden Sie bis zu 3 Ger\u00e4te gleichzeitig mit dem Tradim Triple Charge Elite 65W USB-C Ladeger\u00e4t. Mit 2\u00d7 USB-C, 1\u00d7 USB-A und integrierter Steckdose f\u00fcr schnelles, sicheres Laden.","breadcrumb":{"@id":"https:\/\/tradim.nl\/de\/produkt\/tradim-triple-charge-elite-65w-usb-c-3-anschluesse-schnellladegeraet-weiss\/#breadcrumb"},"inLanguage":"de","potentialAction":[{"@type":"ReadAction","target":["https:\/\/tradim.nl\/de\/produkt\/tradim-triple-charge-elite-65w-usb-c-3-anschluesse-schnellladegeraet-weiss\/"]}]},{"@type":"ImageObject","inLanguage":"de","@id":"https:\/\/tradim.nl\/de\/produkt\/tradim-triple-charge-elite-65w-usb-c-3-anschluesse-schnellladegeraet-weiss\/#primaryimage","url":"https:\/\/tradim.nl\/wp-content\/uploads\/2026\/02\/8001USB2C1A-002-scaled.png","contentUrl":"https:\/\/tradim.nl\/wp-content\/uploads\/2026\/02\/8001USB2C1A-002-scaled.png","width":2560,"height":2560,"caption":"Tradim Triple Charge Elite 65W USB-C - white"},{"@type":"BreadcrumbList","@id":"https:\/\/tradim.nl\/de\/produkt\/tradim-triple-charge-elite-65w-usb-c-3-anschluesse-schnellladegeraet-weiss\/#breadcrumb","itemListElement":[{"@type":"ListItem","position":1,"name":"Home","item":"https:\/\/tradim.nl\/de\/"},{"@type":"ListItem","position":2,"name":"Produkte","item":"https:\/\/tradim.nl\/de\/shop\/"},{"@type":"ListItem","position":3,"name":"Triple Charge Elite 65W USB-C &#8211; Wei\u00df"}]},{"@type":"WebSite","@id":"https:\/\/tradim.nl\/de\/#website","url":"https:\/\/tradim.nl\/de\/","name":"Tradim","description":"Smart Home Solutions","publisher":{"@id":"https:\/\/tradim.nl\/de\/#organization"},"potentialAction":[{"@type":"SearchAction","target":{"@type":"EntryPoint","urlTemplate":"https:\/\/tradim.nl\/de\/?s={search_term_string}"},"query-input":{"@type":"PropertyValueSpecification","valueRequired":true,"valueName":"search_term_string"}}],"inLanguage":"de"},{"@type":"Organization","@id":"https:\/\/tradim.nl\/de\/#organization","name":"Tradim B.V.","url":"https:\/\/tradim.nl\/de\/","logo":{"@type":"ImageObject","inLanguage":"de","@id":"https:\/\/tradim.nl\/de\/#\/schema\/logo\/image\/","url":"https:\/\/tradim.nl\/wp-content\/uploads\/2024\/08\/Logo-Tradim-staand-wit.svg","contentUrl":"https:\/\/tradim.nl\/wp-content\/uploads\/2024\/08\/Logo-Tradim-staand-wit.svg","width":91.11,"height":114.04,"caption":"Tradim B.V."},"image":{"@id":"https:\/\/tradim.nl\/de\/#\/schema\/logo\/image\/"},"sameAs":["https:\/\/www.facebook.com\/tradimnl","https:\/\/www.linkedin.com\/company\/tradim-nl\/"]}]}},"_links":{"self":[{"href":"https:\/\/tradim.nl\/de\/wp-json\/wp\/v2\/product\/6866","targetHints":{"allow":["GET"]}}],"collection":[{"href":"https:\/\/tradim.nl\/de\/wp-json\/wp\/v2\/product"}],"about":[{"href":"https:\/\/tradim.nl\/de\/wp-json\/wp\/v2\/types\/product"}],"replies":[{"embeddable":true,"href":"https:\/\/tradim.nl\/de\/wp-json\/wp\/v2\/comments?post=6866"}],"wp:featuredmedia":[{"embeddable":true,"href":"https:\/\/tradim.nl\/de\/wp-json\/wp\/v2\/media\/6862"}],"wp:attachment":[{"href":"https:\/\/tradim.nl\/de\/wp-json\/wp\/v2\/media?parent=6866"}],"wp:term":[{"taxonomy":"product_brand","embeddable":true,"href":"https:\/\/tradim.nl\/de\/wp-json\/wp\/v2\/product_brand?post=6866"},{"taxonomy":"product_cat","embeddable":true,"href":"https:\/\/tradim.nl\/de\/wp-json\/wp\/v2\/product_cat?post=6866"},{"taxonomy":"product_tag","embeddable":true,"href":"https:\/\/tradim.nl\/de\/wp-json\/wp\/v2\/product_tag?post=6866"}],"curies":[{"name":"wp","href":"https:\/\/api.w.org\/{rel}","templated":true}]}}